{"id":110,"date":"2026-01-31T08:40:05","date_gmt":"2026-01-31T08:40:05","guid":{"rendered":"https:\/\/albmuhendislik.com\/?page_id=110"},"modified":"2026-03-16T10:14:55","modified_gmt":"2026-03-16T10:14:55","slug":"projeler","status":"publish","type":"page","link":"https:\/\/albmuhendislik.com\/index.php\/projeler\/","title":{"rendered":"Projeler"},"content":{"rendered":"\n<p style=\"margin-top:var(--wp--preset--spacing--80);margin-right:0;margin-bottom:var(--wp--preset--spacing--80);margin-left:0\"><\/p>\n\n\n\n<div class=\"wp-block-columns is-layout-flex wp-container-core-columns-is-layout-28f84493 wp-block-columns-is-layout-flex\">\n<div class=\"wp-block-column is-layout-flow wp-block-column-is-layout-flow\">\n<div class=\"wp-block-group is-layout-constrained wp-block-group-is-layout-constrained\">\n<div class=\"wp-block-columns is-layout-flex wp-container-core-columns-is-layout-28f84493 wp-block-columns-is-layout-flex\">\n<div class=\"wp-block-column is-layout-flow wp-block-column-is-layout-flow\">\n<figure class=\"wp-block-image aligncenter size-full has-custom-border\"><a href=\"https:\/\/albmuhendislik.com\/index.php\/ulus-kultur-merkezi-kapali-carsi-ve-dolmus-duraklari\/\"><img loading=\"lazy\" decoding=\"async\" width=\"1015\" height=\"571\" src=\"https:\/\/albmuhendislik.com\/wp-content\/uploads\/2026\/02\/Resim1-edited.jpg\" alt=\"\" class=\"wp-image-325\" style=\"border-top-left-radius:30px;border-top-right-radius:30px;border-bottom-left-radius:30px;border-bottom-right-radius:30px\" srcset=\"https:\/\/albmuhendislik.com\/wp-content\/uploads\/2026\/02\/Resim1-edited.jpg 1015w, https:\/\/albmuhendislik.com\/wp-content\/uploads\/2026\/02\/Resim1-edited-300x169.jpg 300w, https:\/\/albmuhendislik.com\/wp-content\/uploads\/2026\/02\/Resim1-edited-768x432.jpg 768w\" sizes=\"auto, (max-width: 1015px) 100vw, 1015px\" \/><\/a><figcaption class=\"wp-element-caption\"><strong>ULUS K\u00dcLT\u00dcR MERKEZ\u0130<\/strong>, <strong>KAPALI \u00c7AR\u015eI VE DOLMU\u015e DURAKLARI YAPIM \u0130\u015e\u0130<\/strong><\/figcaption><\/figure>\n<\/div>\n<\/div>\n<\/div>\n<\/div>\n\n\n\n<div class=\"wp-block-column is-layout-flow wp-block-column-is-layout-flow\">\n<figure class=\"wp-block-image aligncenter size-full has-custom-border\"><a href=\"https:\/\/albmuhendislik.com\/index.php\/mamak-bordur-tretuvar\/\"><img loading=\"lazy\" decoding=\"async\" width=\"2048\" height=\"1153\" src=\"https:\/\/albmuhendislik.com\/wp-content\/uploads\/2026\/02\/M9.jpeg\" alt=\"\" class=\"wp-image-242\" style=\"border-top-left-radius:30px;border-top-right-radius:30px;border-bottom-left-radius:30px;border-bottom-right-radius:30px\" srcset=\"https:\/\/albmuhendislik.com\/wp-content\/uploads\/2026\/02\/M9.jpeg 2048w, https:\/\/albmuhendislik.com\/wp-content\/uploads\/2026\/02\/M9-300x169.jpeg 300w, https:\/\/albmuhendislik.com\/wp-content\/uploads\/2026\/02\/M9-1024x577.jpeg 1024w, https:\/\/albmuhendislik.com\/wp-content\/uploads\/2026\/02\/M9-768x432.jpeg 768w, https:\/\/albmuhendislik.com\/wp-content\/uploads\/2026\/02\/M9-1536x865.jpeg 1536w\" sizes=\"auto, (max-width: 2048px) 100vw, 2048px\" \/><\/a><figcaption class=\"wp-element-caption\"><strong>MAMAK BELED\u0130YES\u0130<\/strong> <br>2021 YILI MUHTEL\u0130F MAHALLELERDE BORD\u00dcR VE TRUVAR YAPIM \u0130\u015e\u0130<\/figcaption><\/figure>\n<\/div>\n\n\n\n<div class=\"wp-block-column is-layout-flow wp-block-column-is-layout-flow\">\n<figure class=\"wp-block-image aligncenter size-full has-custom-border\"><a href=\"https:\/\/albmuhendislik.com\/index.php\/karabuk-cocuk-trafik-egitim-parki\/\"><img loading=\"lazy\" decoding=\"async\" width=\"1021\" height=\"574\" src=\"https:\/\/albmuhendislik.com\/wp-content\/uploads\/2026\/02\/vlcsnap-2026-02-11-13h34m22s532-1-edited.png\" alt=\"\" class=\"wp-image-326\" style=\"border-top-left-radius:30px;border-top-right-radius:30px;border-bottom-left-radius:30px;border-bottom-right-radius:30px\" srcset=\"https:\/\/albmuhendislik.com\/wp-content\/uploads\/2026\/02\/vlcsnap-2026-02-11-13h34m22s532-1-edited.png 1021w, https:\/\/albmuhendislik.com\/wp-content\/uploads\/2026\/02\/vlcsnap-2026-02-11-13h34m22s532-1-edited-300x169.png 300w, https:\/\/albmuhendislik.com\/wp-content\/uploads\/2026\/02\/vlcsnap-2026-02-11-13h34m22s532-1-edited-768x432.png 768w\" sizes=\"auto, (max-width: 1021px) 100vw, 1021px\" \/><\/a><figcaption class=\"wp-element-caption\"><strong>KARAB\u00dcK VAL\u0130L\u0130\u011e\u0130<\/strong> <br>KARAB\u00dcK \u00c7OCUK TRAF\u0130K E\u011e\u0130T\u0130M PARKI YAPIM \u0130\u015e\u0130<\/figcaption><\/figure>\n<\/div>\n<\/div>\n\n\n\n<div class=\"wp-block-columns is-layout-flex wp-container-core-columns-is-layout-28f84493 wp-block-columns-is-layout-flex\">\n<div class=\"wp-block-column is-layout-flow wp-block-column-is-layout-flow\">\n<div class=\"wp-block-group is-layout-constrained wp-block-group-is-layout-constrained\">\n<div class=\"wp-block-columns is-layout-flex wp-container-core-columns-is-layout-28f84493 wp-block-columns-is-layout-flex\">\n<div class=\"wp-block-column is-layout-flow wp-block-column-is-layout-flow\">\n<figure class=\"wp-block-image aligncenter size-full has-custom-border\"><a href=\"https:\/\/albmuhendislik.com\/index.php\/ordu-ili-gurgentepe-ilcesi-cumhuriyet-orta-okulu-yapim-isi\/\"><img loading=\"lazy\" decoding=\"async\" width=\"1600\" height=\"900\" src=\"https:\/\/albmuhendislik.com\/wp-content\/uploads\/2026\/02\/WhatsApp-Image-2026-01-29-at-11.02.15-edited.jpeg\" alt=\"\" class=\"wp-image-293\" style=\"border-top-left-radius:30px;border-top-right-radius:30px;border-bottom-left-radius:30px;border-bottom-right-radius:30px\" srcset=\"https:\/\/albmuhendislik.com\/wp-content\/uploads\/2026\/02\/WhatsApp-Image-2026-01-29-at-11.02.15-edited.jpeg 1600w, https:\/\/albmuhendislik.com\/wp-content\/uploads\/2026\/02\/WhatsApp-Image-2026-01-29-at-11.02.15-edited-300x169.jpeg 300w, https:\/\/albmuhendislik.com\/wp-content\/uploads\/2026\/02\/WhatsApp-Image-2026-01-29-at-11.02.15-edited-1024x576.jpeg 1024w, https:\/\/albmuhendislik.com\/wp-content\/uploads\/2026\/02\/WhatsApp-Image-2026-01-29-at-11.02.15-edited-768x432.jpeg 768w, https:\/\/albmuhendislik.com\/wp-content\/uploads\/2026\/02\/WhatsApp-Image-2026-01-29-at-11.02.15-edited-1536x864.jpeg 1536w\" sizes=\"auto, (max-width: 1600px) 100vw, 1600px\" \/><\/a><figcaption class=\"wp-element-caption\"><strong>ORDU CUMHUR\u0130YET \u0130LK VE ORTAOKULU<\/strong><br>ORDU \u0130L\u0130 G\u00dcNG\u00d6REN MAHALLES\u0130 CUMHUR\u0130YET ORTAOKULU VE \u0130LKOKULU YAPIM \u0130\u015e\u0130<\/figcaption><\/figure>\n<\/div>\n<\/div>\n<\/div>\n<\/div>\n\n\n\n<div class=\"wp-block-column is-layout-flow wp-block-column-is-layout-flow\">\n<figure class=\"wp-block-image aligncenter size-large has-custom-border is-style-default wp-duotone-unset-1\" style=\"margin-top:0;margin-bottom:0\"><a href=\"https:\/\/albmuhendislik.com\/index.php\/cankaya-beytepe-ali-kuscu-caddesi-yani-park\/\"><img loading=\"lazy\" decoding=\"async\" width=\"1590\" height=\"894\" src=\"https:\/\/albmuhendislik.com\/wp-content\/uploads\/2026\/02\/B1.1-2-edited.jpeg\" alt=\"\" class=\"wp-image-327\" style=\"border-style:none;border-width:0px;border-top-left-radius:30px;border-top-right-radius:30px;border-bottom-left-radius:30px;border-bottom-right-radius:30px\" srcset=\"https:\/\/albmuhendislik.com\/wp-content\/uploads\/2026\/02\/B1.1-2-edited.jpeg 1590w, https:\/\/albmuhendislik.com\/wp-content\/uploads\/2026\/02\/B1.1-2-edited-300x169.jpeg 300w, https:\/\/albmuhendislik.com\/wp-content\/uploads\/2026\/02\/B1.1-2-edited-1024x576.jpeg 1024w, https:\/\/albmuhendislik.com\/wp-content\/uploads\/2026\/02\/B1.1-2-edited-768x432.jpeg 768w, https:\/\/albmuhendislik.com\/wp-content\/uploads\/2026\/02\/B1.1-2-edited-1536x864.jpeg 1536w\" sizes=\"auto, (max-width: 1590px) 100vw, 1590px\" \/><\/a><figcaption class=\"wp-element-caption\"><strong>ANKARA B\u00dcY\u00dcK\u015eEH\u0130R BELED\u0130YES\u0130<\/strong> \u00c7ANKAYA BEYTEPE AL\u0130 KU\u015e\u00c7U CADDES\u0130 YANI PARK YAPIM \u0130\u015e\u0130<\/figcaption><\/figure>\n<\/div>\n\n\n\n<div class=\"wp-block-column is-layout-flow wp-block-column-is-layout-flow\">\n<figure class=\"wp-block-image aligncenter size-full has-custom-border\"><img loading=\"lazy\" decoding=\"async\" width=\"745\" height=\"419\" src=\"https:\/\/albmuhendislik.com\/wp-content\/uploads\/2026\/02\/Hayat-Plaza-edited-1.jpeg\" alt=\"\" class=\"wp-image-328\" style=\"border-top-left-radius:30px;border-top-right-radius:30px;border-bottom-left-radius:30px;border-bottom-right-radius:30px\" srcset=\"https:\/\/albmuhendislik.com\/wp-content\/uploads\/2026\/02\/Hayat-Plaza-edited-1.jpeg 745w, https:\/\/albmuhendislik.com\/wp-content\/uploads\/2026\/02\/Hayat-Plaza-edited-1-300x169.jpeg 300w\" sizes=\"auto, (max-width: 745px) 100vw, 745px\" \/><figcaption class=\"wp-element-caption\"><strong>BELKO<\/strong> <br> 27462 ADA 2 PARSELDE BULUNAN BELKO M\u00dcLK\u0130YET\u0130NDEK\u0130 TA\u015eINMAZLARIN GENEL M\u00dcD\u00dcRL\u00dcK H\u0130ZMET B\u0130NASINA D\u00d6N\u00dc\u015eT\u00dcR\u00dcLMES\u0130 YAPIM \u0130\u015e\u0130<\/figcaption><\/figure>\n<\/div>\n<\/div>\n\n\n\n<div class=\"wp-block-columns is-layout-flex wp-container-core-columns-is-layout-28f84493 wp-block-columns-is-layout-flex\">\n<div class=\"wp-block-column is-layout-flow wp-block-column-is-layout-flow\">\n<div class=\"wp-block-group is-layout-constrained wp-block-group-is-layout-constrained\">\n<div class=\"wp-block-columns is-layout-flex wp-container-core-columns-is-layout-28f84493 wp-block-columns-is-layout-flex\">\n<div class=\"wp-block-column is-layout-flow wp-block-column-is-layout-flow\">\n<figure class=\"wp-block-image aligncenter size-full has-custom-border\"><img loading=\"lazy\" decoding=\"async\" width=\"745\" height=\"559\" src=\"https:\/\/albmuhendislik.com\/wp-content\/uploads\/2026\/02\/Hayat-Plaza-edited.jpeg\" alt=\"\" class=\"wp-image-307\" style=\"border-top-left-radius:30px;border-top-right-radius:30px;border-bottom-left-radius:30px;border-bottom-right-radius:30px\" srcset=\"https:\/\/albmuhendislik.com\/wp-content\/uploads\/2026\/02\/Hayat-Plaza-edited.jpeg 745w, https:\/\/albmuhendislik.com\/wp-content\/uploads\/2026\/02\/Hayat-Plaza-edited-300x225.jpeg 300w\" sizes=\"auto, (max-width: 745px) 100vw, 745px\" \/><figcaption class=\"wp-element-caption\"><strong>ASK\u0130<\/strong><br> ANKARA \u0130L\u0130 MEVLANA BULVARI 27462 ADA2 PARSELDE BULUNAN OF\u0130S B\u0130NASININ 3. KATININ ASKI GENEL M\u00dcD\u00dcRL\u00dcK H\u0130ZMET B\u0130NASINA D\u00d6N\u00dc\u015eT\u00dcR\u00dcLMES\u0130 YAPIM \u0130\u015e\u0130<\/figcaption><\/figure>\n<\/div>\n<\/div>\n<\/div>\n<\/div>\n\n\n\n<div class=\"wp-block-column is-layout-flow wp-block-column-is-layout-flow\">\n<figure class=\"wp-block-image aligncenter size-large has-custom-border\"><img loading=\"lazy\" decoding=\"async\" width=\"1024\" height=\"832\" src=\"https:\/\/albmuhendislik.com\/wp-content\/uploads\/2026\/01\/2-7-1024x832.jpeg\" alt=\"\" class=\"wp-image-118\" style=\"border-top-left-radius:30px;border-top-right-radius:30px;border-bottom-left-radius:30px;border-bottom-right-radius:30px\" srcset=\"https:\/\/albmuhendislik.com\/wp-content\/uploads\/2026\/01\/2-7-1024x832.jpeg 1024w, https:\/\/albmuhendislik.com\/wp-content\/uploads\/2026\/01\/2-7-300x244.jpeg 300w, https:\/\/albmuhendislik.com\/wp-content\/uploads\/2026\/01\/2-7-768x624.jpeg 768w, https:\/\/albmuhendislik.com\/wp-content\/uploads\/2026\/01\/2-7-1536x1248.jpeg 1536w, https:\/\/albmuhendislik.com\/wp-content\/uploads\/2026\/01\/2-7.jpeg 1718w\" sizes=\"auto, (max-width: 1024px) 100vw, 1024px\" \/><figcaption class=\"wp-element-caption\"><strong>T.C. \u00c7EVRE VE \u015eEH\u0130RC\u0130L\u0130K BAKANLI\u011eI TOPLU KONUT \u0130DARES\u0130 BA\u015eKANLI\u011eI<\/strong><br>ORDU \u0130L\u0130, AKKU\u015e \u0130L\u00c7ES\u0130 \u00c7ALDERE MAHALLES\u0130 AKKU\u015e \u0130MKB YBO KIZ PANS\u0130YONU ,ARMUTLU \u0130LKOKULU-ORTAOKULU ,ALANKENT \u00c7OK PROGRAMLI ANADOLU L\u0130SES\u0130 \u0130N\u015eAATLARI \u0130LE ALTYAPI VE \u00c7EVRE D\u00dcZENLEMES\u0130 \u0130\u015e\u0130<\/figcaption><\/figure>\n<\/div>\n\n\n\n<div class=\"wp-block-column is-layout-flow wp-block-column-is-layout-flow\">\n<figure class=\"wp-block-image aligncenter size-large has-custom-border\"><img loading=\"lazy\" decoding=\"async\" width=\"1024\" height=\"832\" src=\"https:\/\/albmuhendislik.com\/wp-content\/uploads\/2026\/01\/2-7-1024x832.jpeg\" alt=\"\" class=\"wp-image-118\" style=\"border-top-left-radius:30px;border-top-right-radius:30px;border-bottom-left-radius:30px;border-bottom-right-radius:30px\" srcset=\"https:\/\/albmuhendislik.com\/wp-content\/uploads\/2026\/01\/2-7-1024x832.jpeg 1024w, https:\/\/albmuhendislik.com\/wp-content\/uploads\/2026\/01\/2-7-300x244.jpeg 300w, https:\/\/albmuhendislik.com\/wp-content\/uploads\/2026\/01\/2-7-768x624.jpeg 768w, https:\/\/albmuhendislik.com\/wp-content\/uploads\/2026\/01\/2-7-1536x1248.jpeg 1536w, https:\/\/albmuhendislik.com\/wp-content\/uploads\/2026\/01\/2-7.jpeg 1718w\" sizes=\"auto, (max-width: 1024px) 100vw, 1024px\" \/><figcaption class=\"wp-element-caption\"><strong>ARTV\u0130N \u0130L \u00d6ZEL \u0130DARES\u0130 \u0130HALE VE SATIN ALMA M\u00dcD\u00dcRL\u00dc\u011e\u00dc<\/strong><br> ARTV\u0130N MERKEZ 24 DERSL\u0130K HALK E\u011e\u0130T\u0130M B\u0130NASI YAPIM \u0130N\u015eAATI<\/figcaption><\/figure>\n<\/div>\n<\/div>\n\n\n\n<div class=\"wp-block-columns is-layout-flex wp-container-core-columns-is-layout-28f84493 wp-block-columns-is-layout-flex\">\n<div class=\"wp-block-column is-layout-flow wp-block-column-is-layout-flow\">\n<div class=\"wp-block-group is-layout-constrained wp-block-group-is-layout-constrained\">\n<div class=\"wp-block-columns is-layout-flex wp-container-core-columns-is-layout-28f84493 wp-block-columns-is-layout-flex\">\n<div class=\"wp-block-column is-layout-flow wp-block-column-is-layout-flow\">\n<figure class=\"wp-block-image aligncenter size-large has-custom-border\"><img loading=\"lazy\" decoding=\"async\" width=\"1024\" height=\"832\" src=\"https:\/\/albmuhendislik.com\/wp-content\/uploads\/2026\/01\/2-5-1024x832.jpeg\" alt=\"\" class=\"wp-image-116\" style=\"border-top-left-radius:30px;border-top-right-radius:30px;border-bottom-left-radius:30px;border-bottom-right-radius:30px\" srcset=\"https:\/\/albmuhendislik.com\/wp-content\/uploads\/2026\/01\/2-5-1024x832.jpeg 1024w, https:\/\/albmuhendislik.com\/wp-content\/uploads\/2026\/01\/2-5-300x244.jpeg 300w, https:\/\/albmuhendislik.com\/wp-content\/uploads\/2026\/01\/2-5-768x624.jpeg 768w, https:\/\/albmuhendislik.com\/wp-content\/uploads\/2026\/01\/2-5-1536x1248.jpeg 1536w, https:\/\/albmuhendislik.com\/wp-content\/uploads\/2026\/01\/2-5.jpeg 1718w\" sizes=\"auto, (max-width: 1024px) 100vw, 1024px\" \/><figcaption class=\"wp-element-caption\"><strong>SAFRANBOLU BELED\u0130YES\u0130<\/strong> <br>ASLANLAR SOSYAL TES\u0130S\u0130 M\u00dc\u015eTEM\u0130LAT B\u0130NASI YAPIM \u0130\u015e\u0130<\/figcaption><\/figure>\n<\/div>\n<\/div>\n<\/div>\n<\/div>\n\n\n\n<div class=\"wp-block-column is-layout-flow wp-block-column-is-layout-flow\"><\/div>\n\n\n\n<div class=\"wp-block-column is-layout-flow wp-block-column-is-layout-flow\"><\/div>\n<\/div>\n","protected":false},"excerpt":{"rendered":"","protected":false},"author":2,"featured_media":0,"parent":0,"menu_order":0,"comment_status":"closed","ping_status":"closed","template":"","meta":{"_uag_custom_page_level_css":"","site-sidebar-layout":"default","site-content-layout":"","ast-site-content-layout":"default","site-content-style":"default","site-sidebar-style":"default","ast-global-header-display":"","ast-banner-title-visibility":"","ast-main-header-display":"","ast-hfb-above-header-display":"","ast-hfb-below-header-display":"","ast-hfb-mobile-header-display":"","site-post-title":"disabled","ast-breadcrumbs-content":"","ast-featured-img":"","footer-sml-layout":"","ast-disable-related-posts":"","theme-transparent-header-meta":"","adv-header-id-meta":"","stick-header-meta":"","header-above-stick-meta":"","header-main-stick-meta":"","header-below-stick-meta":"","astra-migrate-meta-layouts":"default","ast-page-background-enabled":"default","ast-page-background-meta":{"desktop":{"background-color":"var(--ast-global-color-5)","background-image":"","background-repeat":"repeat","background-position":"center center","background-size":"auto","background-attachment":"scroll","background-type":"","background-media":"","overlay-type":"","overlay-color":"","overlay-opacity":"","overlay-gradient":""},"tablet":{"background-color":"","background-image":"","background-repeat":"repeat","background-position":"center center","background-size":"auto","background-attachment":"scroll","background-type":"","background-media":"","overlay-type":"","overlay-color":"","overlay-opacity":"","overlay-gradient":""},"mobile":{"background-color":"","background-image":"","background-repeat":"repeat","background-position":"center center","background-size":"auto","background-attachment":"scroll","background-type":"","background-media":"","overlay-type":"","overlay-color":"","overlay-opacity":"","overlay-gradient":""}},"ast-content-background-meta":{"desktop":{"background-color":"var(--ast-global-color-4)","background-image":"","background-repeat":"repeat","background-position":"center center","background-size":"auto","background-attachment":"scroll","background-type":"","background-media":"","overlay-type":"","overlay-color":"","overlay-opacity":"","overlay-gradient":""},"tablet":{"background-color":"var(--ast-global-color-4)","background-image":"","background-repeat":"repeat","background-position":"center center","background-size":"auto","background-attachment":"scroll","background-type":"","background-media":"","overlay-type":"","overlay-color":"","overlay-opacity":"","overlay-gradient":""},"mobile":{"background-color":"var(--ast-global-color-4)","background-image":"","background-repeat":"repeat","background-position":"center center","background-size":"auto","background-attachment":"scroll","background-type":"","background-media":"","overlay-type":"","overlay-color":"","overlay-opacity":"","overlay-gradient":""}},"footnotes":""},"class_list":["post-110","page","type-page","status-publish","hentry"],"uagb_featured_image_src":{"full":false,"thumbnail":false,"medium":false,"medium_large":false,"large":false,"1536x1536":false,"2048x2048":false},"uagb_author_info":{"display_name":"ALB Admin","author_link":"https:\/\/albmuhendislik.com\/index.php\/author\/albadmin\/"},"uagb_comment_info":0,"uagb_excerpt":null,"_links":{"self":[{"href":"https:\/\/albmuhendislik.com\/index.php\/wp-json\/wp\/v2\/pages\/110","targetHints":{"allow":["GET"]}}],"collection":[{"href":"https:\/\/albmuhendislik.com\/index.php\/wp-json\/wp\/v2\/pages"}],"about":[{"href":"https:\/\/albmuhendislik.com\/index.php\/wp-json\/wp\/v2\/types\/page"}],"author":[{"embeddable":true,"href":"https:\/\/albmuhendislik.com\/index.php\/wp-json\/wp\/v2\/users\/2"}],"replies":[{"embeddable":true,"href":"https:\/\/albmuhendislik.com\/index.php\/wp-json\/wp\/v2\/comments?post=110"}],"version-history":[{"count":25,"href":"https:\/\/albmuhendislik.com\/index.php\/wp-json\/wp\/v2\/pages\/110\/revisions"}],"predecessor-version":[{"id":335,"href":"https:\/\/albmuhendislik.com\/index.php\/wp-json\/wp\/v2\/pages\/110\/revisions\/335"}],"wp:attachment":[{"href":"https:\/\/albmuhendislik.com\/index.php\/wp-json\/wp\/v2\/media?parent=110"}],"curies":[{"name":"wp","href":"https:\/\/api.w.org\/{rel}","templated":true}]}}