{"id":287,"date":"2026-02-11T11:07:23","date_gmt":"2026-02-11T11:07:23","guid":{"rendered":"https:\/\/albmuhendislik.com\/?page_id=287"},"modified":"2026-02-11T11:54:38","modified_gmt":"2026-02-11T11:54:38","slug":"karabuk-cocuk-trafik-egitim-parki","status":"publish","type":"page","link":"https:\/\/albmuhendislik.com\/index.php\/karabuk-cocuk-trafik-egitim-parki\/","title":{"rendered":"Karab\u00fck \u00c7ocuk Trafik E\u011fitim Park\u0131"},"content":{"rendered":"\n<p><br><br><br><br><br><\/p>\n\n\n\n<div class=\"wp-block-columns is-layout-flex wp-container-core-columns-is-layout-a54e0cfc wp-block-columns-is-layout-flex\" style=\"padding-top:var(--wp--preset--spacing--60);padding-bottom:var(--wp--preset--spacing--60)\">\n<div class=\"wp-block-column is-layout-flow wp-block-column-is-layout-flow\">\n<figure class=\"wp-block-image size-full has-custom-border\"><img loading=\"lazy\" decoding=\"async\" width=\"1024\" height=\"576\" src=\"https:\/\/albmuhendislik.com\/wp-content\/uploads\/2026\/02\/WhatsApp-Image-2024-02-23-at-14.15.31-6-rotated-1.jpeg\" alt=\"\" class=\"wp-image-320\" style=\"border-top-left-radius:30px;border-top-right-radius:30px;border-bottom-left-radius:30px;border-bottom-right-radius:30px\" srcset=\"https:\/\/albmuhendislik.com\/wp-content\/uploads\/2026\/02\/WhatsApp-Image-2024-02-23-at-14.15.31-6-rotated-1.jpeg 1024w, https:\/\/albmuhendislik.com\/wp-content\/uploads\/2026\/02\/WhatsApp-Image-2024-02-23-at-14.15.31-6-rotated-1-300x169.jpeg 300w, https:\/\/albmuhendislik.com\/wp-content\/uploads\/2026\/02\/WhatsApp-Image-2024-02-23-at-14.15.31-6-rotated-1-768x432.jpeg 768w\" sizes=\"auto, (max-width: 1024px) 100vw, 1024px\" \/><\/figure>\n<\/div>\n\n\n\n<div class=\"wp-block-column is-layout-flow wp-block-column-is-layout-flow\">\n<figure class=\"wp-block-image size-full has-custom-border\"><img loading=\"lazy\" decoding=\"async\" width=\"1024\" height=\"576\" src=\"https:\/\/albmuhendislik.com\/wp-content\/uploads\/2026\/02\/WhatsApp-Image-2024-02-23-at-14.15.31-7-rotated-1.jpeg\" alt=\"\" class=\"wp-image-321\" style=\"border-top-left-radius:30px;border-top-right-radius:30px;border-bottom-left-radius:30px;border-bottom-right-radius:30px\" srcset=\"https:\/\/albmuhendislik.com\/wp-content\/uploads\/2026\/02\/WhatsApp-Image-2024-02-23-at-14.15.31-7-rotated-1.jpeg 1024w, https:\/\/albmuhendislik.com\/wp-content\/uploads\/2026\/02\/WhatsApp-Image-2024-02-23-at-14.15.31-7-rotated-1-300x169.jpeg 300w, https:\/\/albmuhendislik.com\/wp-content\/uploads\/2026\/02\/WhatsApp-Image-2024-02-23-at-14.15.31-7-rotated-1-768x432.jpeg 768w\" sizes=\"auto, (max-width: 1024px) 100vw, 1024px\" \/><\/figure>\n<\/div>\n\n\n\n<div class=\"wp-block-column is-layout-flow wp-block-column-is-layout-flow\">\n<figure class=\"wp-block-image size-full has-custom-border\"><img loading=\"lazy\" decoding=\"async\" width=\"1024\" height=\"576\" src=\"https:\/\/albmuhendislik.com\/wp-content\/uploads\/2026\/02\/WhatsApp-Image-2024-02-23-at-14.15.31-11-rotated-1.jpeg\" alt=\"\" class=\"wp-image-322\" style=\"border-top-left-radius:30px;border-top-right-radius:30px;border-bottom-left-radius:30px;border-bottom-right-radius:30px\" srcset=\"https:\/\/albmuhendislik.com\/wp-content\/uploads\/2026\/02\/WhatsApp-Image-2024-02-23-at-14.15.31-11-rotated-1.jpeg 1024w, https:\/\/albmuhendislik.com\/wp-content\/uploads\/2026\/02\/WhatsApp-Image-2024-02-23-at-14.15.31-11-rotated-1-300x169.jpeg 300w, https:\/\/albmuhendislik.com\/wp-content\/uploads\/2026\/02\/WhatsApp-Image-2024-02-23-at-14.15.31-11-rotated-1-768x432.jpeg 768w\" sizes=\"auto, (max-width: 1024px) 100vw, 1024px\" \/><\/figure>\n<\/div>\n<\/div>\n\n\n\n<figure class=\"wp-block-video\"><video height=\"720\" style=\"aspect-ratio: 1280 \/ 720;\" width=\"1280\" controls muted src=\"https:\/\/albmuhendislik.com\/wp-content\/uploads\/2026\/02\/WhatsApp-Video-2021-12-25-at-14.17.41-1.mp4\"><\/video><\/figure>\n","protected":false},"excerpt":{"rendered":"","protected":false},"author":2,"featured_media":0,"parent":0,"menu_order":0,"comment_status":"closed","ping_status":"closed","template":"","meta":{"_uag_custom_page_level_css":"","site-sidebar-layout":"default","site-content-layout":"","ast-site-content-layout":"default","site-content-style":"default","site-sidebar-style":"default","ast-global-header-display":"","ast-banner-title-visibility":"","ast-main-header-display":"","ast-hfb-above-header-display":"","ast-hfb-below-header-display":"","ast-hfb-mobile-header-display":"","site-post-title":"disabled","ast-breadcrumbs-content":"","ast-featured-img":"","footer-sml-layout":"","ast-disable-related-posts":"","theme-transparent-header-meta":"","adv-header-id-meta":"","stick-header-meta":"","header-above-stick-meta":"","header-main-stick-meta":"","header-below-stick-meta":"","astra-migrate-meta-layouts":"default","ast-page-background-enabled":"default","ast-page-background-meta":{"desktop":{"background-color":"var(--ast-global-color-5)","background-image":"","background-repeat":"repeat","background-position":"center center","background-size":"auto","background-attachment":"scroll","background-type":"","background-media":"","overlay-type":"","overlay-color":"","overlay-opacity":"","overlay-gradient":""},"tablet":{"background-color":"","background-image":"","background-repeat":"repeat","background-position":"center center","background-size":"auto","background-attachment":"scroll","background-type":"","background-media":"","overlay-type":"","overlay-color":"","overlay-opacity":"","overlay-gradient":""},"mobile":{"background-color":"","background-image":"","background-repeat":"repeat","background-position":"center center","background-size":"auto","background-attachment":"scroll","background-type":"","background-media":"","overlay-type":"","overlay-color":"","overlay-opacity":"","overlay-gradient":""}},"ast-content-background-meta":{"desktop":{"background-color":"var(--ast-global-color-4)","background-image":"","background-repeat":"repeat","background-position":"center center","background-size":"auto","background-attachment":"scroll","background-type":"","background-media":"","overlay-type":"","overlay-color":"","overlay-opacity":"","overlay-gradient":""},"tablet":{"background-color":"var(--ast-global-color-4)","background-image":"","background-repeat":"repeat","background-position":"center center","background-size":"auto","background-attachment":"scroll","background-type":"","background-media":"","overlay-type":"","overlay-color":"","overlay-opacity":"","overlay-gradient":""},"mobile":{"background-color":"var(--ast-global-color-4)","background-image":"","background-repeat":"repeat","background-position":"center center","background-size":"auto","background-attachment":"scroll","background-type":"","background-media":"","overlay-type":"","overlay-color":"","overlay-opacity":"","overlay-gradient":""}},"footnotes":""},"class_list":["post-287","page","type-page","status-publish","hentry"],"uagb_featured_image_src":{"full":false,"thumbnail":false,"medium":false,"medium_large":false,"large":false,"1536x1536":false,"2048x2048":false},"uagb_author_info":{"display_name":"ALB Admin","author_link":"https:\/\/albmuhendislik.com\/index.php\/author\/albadmin\/"},"uagb_comment_info":0,"uagb_excerpt":null,"_links":{"self":[{"href":"https:\/\/albmuhendislik.com\/index.php\/wp-json\/wp\/v2\/pages\/287","targetHints":{"allow":["GET"]}}],"collection":[{"href":"https:\/\/albmuhendislik.com\/index.php\/wp-json\/wp\/v2\/pages"}],"about":[{"href":"https:\/\/albmuhendislik.com\/index.php\/wp-json\/wp\/v2\/types\/page"}],"author":[{"embeddable":true,"href":"https:\/\/albmuhendislik.com\/index.php\/wp-json\/wp\/v2\/users\/2"}],"replies":[{"embeddable":true,"href":"https:\/\/albmuhendislik.com\/index.php\/wp-json\/wp\/v2\/comments?post=287"}],"version-history":[{"count":4,"href":"https:\/\/albmuhendislik.com\/index.php\/wp-json\/wp\/v2\/pages\/287\/revisions"}],"predecessor-version":[{"id":324,"href":"https:\/\/albmuhendislik.com\/index.php\/wp-json\/wp\/v2\/pages\/287\/revisions\/324"}],"wp:attachment":[{"href":"https:\/\/albmuhendislik.com\/index.php\/wp-json\/wp\/v2\/media?parent=287"}],"curies":[{"name":"wp","href":"https:\/\/api.w.org\/{rel}","templated":true}]}}