{"id":297,"date":"2026-02-11T11:16:12","date_gmt":"2026-02-11T11:16:12","guid":{"rendered":"https:\/\/albmuhendislik.com\/?page_id=297"},"modified":"2026-02-11T11:16:12","modified_gmt":"2026-02-11T11:16:12","slug":"cankaya-beytepe-ali-kuscu-caddesi-yani-park","status":"publish","type":"page","link":"https:\/\/albmuhendislik.com\/index.php\/cankaya-beytepe-ali-kuscu-caddesi-yani-park\/","title":{"rendered":"\u00c7ANKAYA BEYTEPE AL\u0130 KU\u015e\u00c7U CADDES\u0130 YANI PARK"},"content":{"rendered":"\n<p><br><br><br><\/p>\n\n\n\n<div class=\"wp-block-columns is-layout-flex wp-container-core-columns-is-layout-28f84493 wp-block-columns-is-layout-flex\">\n<div class=\"wp-block-column is-layout-flow wp-block-column-is-layout-flow\">\n<figure class=\"wp-block-image size-large has-custom-border\"><img loading=\"lazy\" decoding=\"async\" width=\"1024\" height=\"768\" src=\"https:\/\/albmuhendislik.com\/wp-content\/uploads\/2026\/02\/B1.1-1024x768.jpeg\" alt=\"\" class=\"wp-image-254\" style=\"border-top-left-radius:30px;border-top-right-radius:30px;border-bottom-left-radius:30px;border-bottom-right-radius:30px\" srcset=\"https:\/\/albmuhendislik.com\/wp-content\/uploads\/2026\/02\/B1.1-1024x768.jpeg 1024w, https:\/\/albmuhendislik.com\/wp-content\/uploads\/2026\/02\/B1.1-300x225.jpeg 300w, https:\/\/albmuhendislik.com\/wp-content\/uploads\/2026\/02\/B1.1-768x576.jpeg 768w, https:\/\/albmuhendislik.com\/wp-content\/uploads\/2026\/02\/B1.1-1536x1152.jpeg 1536w, https:\/\/albmuhendislik.com\/wp-content\/uploads\/2026\/02\/B1.1.jpeg 1600w\" sizes=\"auto, (max-width: 1024px) 100vw, 1024px\" \/><\/figure>\n<\/div>\n\n\n\n<div class=\"wp-block-column is-layout-flow wp-block-column-is-layout-flow\">\n<figure class=\"wp-block-image size-large has-custom-border\"><img loading=\"lazy\" decoding=\"async\" width=\"1024\" height=\"768\" src=\"https:\/\/albmuhendislik.com\/wp-content\/uploads\/2026\/02\/b3-1024x768.jpeg\" alt=\"\" class=\"wp-image-252\" style=\"border-top-left-radius:30px;border-top-right-radius:30px;border-bottom-left-radius:30px;border-bottom-right-radius:30px\" srcset=\"https:\/\/albmuhendislik.com\/wp-content\/uploads\/2026\/02\/b3-1024x768.jpeg 1024w, https:\/\/albmuhendislik.com\/wp-content\/uploads\/2026\/02\/b3-300x225.jpeg 300w, https:\/\/albmuhendislik.com\/wp-content\/uploads\/2026\/02\/b3-768x576.jpeg 768w, https:\/\/albmuhendislik.com\/wp-content\/uploads\/2026\/02\/b3-1536x1152.jpeg 1536w, https:\/\/albmuhendislik.com\/wp-content\/uploads\/2026\/02\/b3.jpeg 1600w\" sizes=\"auto, (max-width: 1024px) 100vw, 1024px\" \/><\/figure>\n<\/div>\n\n\n\n<div class=\"wp-block-column is-layout-flow wp-block-column-is-layout-flow\">\n<figure class=\"wp-block-image size-large has-custom-border\"><img loading=\"lazy\" decoding=\"async\" width=\"1024\" height=\"768\" src=\"https:\/\/albmuhendislik.com\/wp-content\/uploads\/2026\/02\/b4-1024x768.jpeg\" alt=\"\" class=\"wp-image-251\" style=\"border-top-left-radius:30px;border-top-right-radius:30px;border-bottom-left-radius:30px;border-bottom-right-radius:30px\" srcset=\"https:\/\/albmuhendislik.com\/wp-content\/uploads\/2026\/02\/b4-1024x768.jpeg 1024w, https:\/\/albmuhendislik.com\/wp-content\/uploads\/2026\/02\/b4-300x225.jpeg 300w, https:\/\/albmuhendislik.com\/wp-content\/uploads\/2026\/02\/b4-768x576.jpeg 768w, https:\/\/albmuhendislik.com\/wp-content\/uploads\/2026\/02\/b4-1536x1152.jpeg 1536w, https:\/\/albmuhendislik.com\/wp-content\/uploads\/2026\/02\/b4.jpeg 1600w\" sizes=\"auto, (max-width: 1024px) 100vw, 1024px\" \/><\/figure>\n<\/div>\n<\/div>\n\n\n\n<div class=\"wp-block-columns is-layout-flex wp-container-core-columns-is-layout-28f84493 wp-block-columns-is-layout-flex\">\n<div class=\"wp-block-column is-layout-flow wp-block-column-is-layout-flow\">\n<figure class=\"wp-block-image size-large has-custom-border\"><img loading=\"lazy\" decoding=\"async\" width=\"768\" height=\"1024\" src=\"https:\/\/albmuhendislik.com\/wp-content\/uploads\/2026\/02\/WhatsApp-Image-2026-01-28-at-15.59.49-768x1024.jpeg\" alt=\"\" class=\"wp-image-233\" style=\"border-top-left-radius:30px;border-top-right-radius:30px;border-bottom-left-radius:30px;border-bottom-right-radius:30px\" srcset=\"https:\/\/albmuhendislik.com\/wp-content\/uploads\/2026\/02\/WhatsApp-Image-2026-01-28-at-15.59.49-768x1024.jpeg 768w, https:\/\/albmuhendislik.com\/wp-content\/uploads\/2026\/02\/WhatsApp-Image-2026-01-28-at-15.59.49-225x300.jpeg 225w, https:\/\/albmuhendislik.com\/wp-content\/uploads\/2026\/02\/WhatsApp-Image-2026-01-28-at-15.59.49-1152x1536.jpeg 1152w, https:\/\/albmuhendislik.com\/wp-content\/uploads\/2026\/02\/WhatsApp-Image-2026-01-28-at-15.59.49.jpeg 1536w\" sizes=\"auto, (max-width: 768px) 100vw, 768px\" \/><\/figure>\n<\/div>\n\n\n\n<div class=\"wp-block-column is-layout-flow wp-block-column-is-layout-flow\">\n<figure class=\"wp-block-image size-large has-custom-border\"><img loading=\"lazy\" decoding=\"async\" width=\"768\" height=\"1024\" src=\"https:\/\/albmuhendislik.com\/wp-content\/uploads\/2026\/02\/WhatsApp-Image-2026-01-28-at-15.59.49-1-768x1024.jpeg\" alt=\"\" class=\"wp-image-232\" style=\"border-top-left-radius:30px;border-top-right-radius:30px;border-bottom-left-radius:30px;border-bottom-right-radius:30px\" srcset=\"https:\/\/albmuhendislik.com\/wp-content\/uploads\/2026\/02\/WhatsApp-Image-2026-01-28-at-15.59.49-1-768x1024.jpeg 768w, https:\/\/albmuhendislik.com\/wp-content\/uploads\/2026\/02\/WhatsApp-Image-2026-01-28-at-15.59.49-1-225x300.jpeg 225w, https:\/\/albmuhendislik.com\/wp-content\/uploads\/2026\/02\/WhatsApp-Image-2026-01-28-at-15.59.49-1-1152x1536.jpeg 1152w, https:\/\/albmuhendislik.com\/wp-content\/uploads\/2026\/02\/WhatsApp-Image-2026-01-28-at-15.59.49-1.jpeg 1536w\" sizes=\"auto, (max-width: 768px) 100vw, 768px\" \/><\/figure>\n<\/div>\n\n\n\n<div class=\"wp-block-column is-layout-flow wp-block-column-is-layout-flow\">\n<figure class=\"wp-block-image size-large has-custom-border\"><img loading=\"lazy\" decoding=\"async\" width=\"768\" height=\"1024\" src=\"https:\/\/albmuhendislik.com\/wp-content\/uploads\/2026\/02\/WhatsApp-Image-2026-01-28-at-15.59.49-2-768x1024.jpeg\" alt=\"\" class=\"wp-image-231\" style=\"border-top-left-radius:30px;border-top-right-radius:30px;border-bottom-left-radius:30px;border-bottom-right-radius:30px\" srcset=\"https:\/\/albmuhendislik.com\/wp-content\/uploads\/2026\/02\/WhatsApp-Image-2026-01-28-at-15.59.49-2-768x1024.jpeg 768w, https:\/\/albmuhendislik.com\/wp-content\/uploads\/2026\/02\/WhatsApp-Image-2026-01-28-at-15.59.49-2-225x300.jpeg 225w, https:\/\/albmuhendislik.com\/wp-content\/uploads\/2026\/02\/WhatsApp-Image-2026-01-28-at-15.59.49-2-1152x1536.jpeg 1152w, https:\/\/albmuhendislik.com\/wp-content\/uploads\/2026\/02\/WhatsApp-Image-2026-01-28-at-15.59.49-2.jpeg 1536w\" sizes=\"auto, (max-width: 768px) 100vw, 768px\" \/><\/figure>\n<\/div>\n<\/div>\n\n\n\n<p><\/p>\n","protected":false},"excerpt":{"rendered":"","protected":false},"author":2,"featured_media":0,"parent":0,"menu_order":0,"comment_status":"closed","ping_status":"closed","template":"","meta":{"_uag_custom_page_level_css":"","site-sidebar-layout":"default","site-content-layout":"","ast-site-content-layout":"default","site-content-style":"default","site-sidebar-style":"default","ast-global-header-display":"","ast-banner-title-visibility":"","ast-main-header-display":"","ast-hfb-above-header-display":"","ast-hfb-below-header-display":"","ast-hfb-mobile-header-display":"","site-post-title":"disabled","ast-breadcrumbs-content":"","ast-featured-img":"","footer-sml-layout":"","ast-disable-related-posts":"","theme-transparent-header-meta":"","adv-header-id-meta":"","stick-header-meta":"","header-above-stick-meta":"","header-main-stick-meta":"","header-below-stick-meta":"","astra-migrate-meta-layouts":"default","ast-page-background-enabled":"default","ast-page-background-meta":{"desktop":{"background-color":"var(--ast-global-color-5)","background-image":"","background-repeat":"repeat","background-position":"center center","background-size":"auto","background-attachment":"scroll","background-type":"","background-media":"","overlay-type":"","overlay-color":"","overlay-opacity":"","overlay-gradient":""},"tablet":{"background-color":"","background-image":"","background-repeat":"repeat","background-position":"center center","background-size":"auto","background-attachment":"scroll","background-type":"","background-media":"","overlay-type":"","overlay-color":"","overlay-opacity":"","overlay-gradient":""},"mobile":{"background-color":"","background-image":"","background-repeat":"repeat","background-position":"center center","background-size":"auto","background-attachment":"scroll","background-type":"","background-media":"","overlay-type":"","overlay-color":"","overlay-opacity":"","overlay-gradient":""}},"ast-content-background-meta":{"desktop":{"background-color":"var(--ast-global-color-4)","background-image":"","background-repeat":"repeat","background-position":"center center","background-size":"auto","background-attachment":"scroll","background-type":"","background-media":"","overlay-type":"","overlay-color":"","overlay-opacity":"","overlay-gradient":""},"tablet":{"background-color":"var(--ast-global-color-4)","background-image":"","background-repeat":"repeat","background-position":"center center","background-size":"auto","background-attachment":"scroll","background-type":"","background-media":"","overlay-type":"","overlay-color":"","overlay-opacity":"","overlay-gradient":""},"mobile":{"background-color":"var(--ast-global-color-4)","background-image":"","background-repeat":"repeat","background-position":"center center","background-size":"auto","background-attachment":"scroll","background-type":"","background-media":"","overlay-type":"","overlay-color":"","overlay-opacity":"","overlay-gradient":""}},"footnotes":""},"class_list":["post-297","page","type-page","status-publish","hentry"],"uagb_featured_image_src":{"full":false,"thumbnail":false,"medium":false,"medium_large":false,"large":false,"1536x1536":false,"2048x2048":false},"uagb_author_info":{"display_name":"ALB Admin","author_link":"https:\/\/albmuhendislik.com\/index.php\/author\/albadmin\/"},"uagb_comment_info":0,"uagb_excerpt":null,"_links":{"self":[{"href":"https:\/\/albmuhendislik.com\/index.php\/wp-json\/wp\/v2\/pages\/297","targetHints":{"allow":["GET"]}}],"collection":[{"href":"https:\/\/albmuhendislik.com\/index.php\/wp-json\/wp\/v2\/pages"}],"about":[{"href":"https:\/\/albmuhendislik.com\/index.php\/wp-json\/wp\/v2\/types\/page"}],"author":[{"embeddable":true,"href":"https:\/\/albmuhendislik.com\/index.php\/wp-json\/wp\/v2\/users\/2"}],"replies":[{"embeddable":true,"href":"https:\/\/albmuhendislik.com\/index.php\/wp-json\/wp\/v2\/comments?post=297"}],"version-history":[{"count":1,"href":"https:\/\/albmuhendislik.com\/index.php\/wp-json\/wp\/v2\/pages\/297\/revisions"}],"predecessor-version":[{"id":298,"href":"https:\/\/albmuhendislik.com\/index.php\/wp-json\/wp\/v2\/pages\/297\/revisions\/298"}],"wp:attachment":[{"href":"https:\/\/albmuhendislik.com\/index.php\/wp-json\/wp\/v2\/media?parent=297"}],"curies":[{"name":"wp","href":"https:\/\/api.w.org\/{rel}","templated":true}]}}