{"id":57,"date":"2026-01-29T08:57:47","date_gmt":"2026-01-29T08:57:47","guid":{"rendered":"https:\/\/albmuhendislik.com\/?page_id=57"},"modified":"2026-02-09T12:15:55","modified_gmt":"2026-02-09T12:15:55","slug":"iletisim","status":"publish","type":"page","link":"https:\/\/albmuhendislik.com\/index.php\/iletisim\/","title":{"rendered":"\u0130leti\u015fim"},"content":{"rendered":"\n<div class=\"wp-block-media-text has-media-on-the-right is-stacked-on-mobile animated zoomIn delay-100ms slower\" style=\"border-style:none;border-width:0px;border-top-left-radius:0px;border-top-right-radius:0px;border-bottom-left-radius:0px;border-bottom-right-radius:0px;margin-top:var(--wp--preset--spacing--60);margin-bottom:var(--wp--preset--spacing--60);padding-top:0;padding-bottom:0;grid-template-columns:auto 41%\"><div class=\"wp-block-media-text__content\">\n<p class=\"has-ast-global-color-6-color has-text-color has-link-color wp-elements-1b792eaf4166fb31bd02308a958b5bc4\" style=\"font-size:26px\">Yenilik\u00e7i ve s\u00fcrd\u00fcr\u00fclebilir tasar\u0131mlar\u0131m\u0131zla yapt\u0131\u011f\u0131m\u0131z projelerde mimari esteti\u011fin ve i\u015flevselli\u011fin bir arada kullan\u0131lmas\u0131n\u0131 sa\u011fl\u0131yoruz.&nbsp;<\/p>\n<\/div><figure class=\"wp-block-media-text__media\"><img loading=\"lazy\" decoding=\"async\" width=\"750\" height=\"750\" src=\"https:\/\/albmuhendislik.com\/wp-content\/uploads\/2026\/01\/ALB-MUHENDISLIK-LOGO-SEFFAF-2.png\" alt=\"\" class=\"wp-image-78 size-full\" srcset=\"https:\/\/albmuhendislik.com\/wp-content\/uploads\/2026\/01\/ALB-MUHENDISLIK-LOGO-SEFFAF-2.png 750w, https:\/\/albmuhendislik.com\/wp-content\/uploads\/2026\/01\/ALB-MUHENDISLIK-LOGO-SEFFAF-2-300x300.png 300w, https:\/\/albmuhendislik.com\/wp-content\/uploads\/2026\/01\/ALB-MUHENDISLIK-LOGO-SEFFAF-2-150x150.png 150w\" sizes=\"auto, (max-width: 750px) 100vw, 750px\" \/><\/figure><\/div>\n\n\n\n<div class=\"map-section\">\n\n  <!-- YOL TAR\u0130F\u0130 BUTONU -->\n  <a \n    href=\"https:\/\/www.google.com\/maps\/dir\/?api=1&#038;destination=39.85241368979309,32.750177975453795\"\n    target=\"_blank\"\n    class=\"map-button\">\n    \ud83e\udded Yol Tarifi Al\n  <\/a>\n\n  <!-- HAR\u0130TA -->\n  <div class=\"map-wrapper\">\n    <iframe \n      src=\"https:\/\/www.google.com\/maps\/embed?pb=!1m18!1m12!1m3!1d3062.9740898924438!2d32.750177975453795!3d39.85241368979309!2m3!1f0!2f0!3f0!3m2!1i1024!2i768!4f13.1!3m3!1m2!1s0x14d347d840f5a4b7%3A0x1749a04b4dac9b82!2zQlJLIFBST0pFIMSwTsWeQUFUIFNBTkFZxLAgVkUgVMSwQ0FSRVQgTMSwTcSwVEVEIMWexLBSS0VUxLA!5e0!3m2!1str!2str!4v1769676900315!5m2!1str!2str\"\n      width=\"100%\"\n      height=\"380\"\n      style=\"border:0;\"\n      allowfullscreen\n      loading=\"lazy\"\n      referrerpolicy=\"no-referrer-when-downgrade\">\n    <\/iframe>\n  <\/div>\n\n<\/div>\n\n<style>\n.map-section{\n  position:relative;\n  margin-top:40px;\n}\n\n.map-wrapper{\n  border-radius:16px;\n  overflow:hidden;\n  box-shadow:0 0 30px rgba(0,0,0,0.6);\n}\n\n\/* BUTON *\/\n.map-button{\n  position:absolute;\n  top:20px;\n  right:20px;\n  z-index:10;\n  background:#f5c542;\n  color:#000;\n  padding:12px 18px;\n  border-radius:30px;\n  font-weight:600;\n  text-decoration:none;\n  box-shadow:0 10px 25px rgba(0,0,0,0.4);\n  transition:all .25s ease;\n}\n\n.map-button:hover{\n  transform:translateY(-2px);\n  box-shadow:0 15px 35px rgba(0,0,0,0.6);\n}\n\n\/* MOB\u0130L *\/\n@media (max-width:768px){\n  .map-button{\n    top:12px;\n    right:12px;\n    padding:10px 14px;\n    font-size:14px;\n  }\n\n  .map-wrapper iframe{\n    height:300px;\n  }\n}\n<\/style>\n\n\n\n<p><br><\/p>\n\n\n\n<div class=\"wp-block-uagb-advanced-heading uagb-block-111471a1\"><h2 class=\"uagb-heading-text\"><strong>ANKARA OF\u0130S<\/strong><\/h2><\/div>\n\n\n\n<p><\/p>\n\n\n\n<div class=\"wp-block-uagb-icon-list uagb-block-48780ef0\"><div class=\"uagb-icon-list__wrap\">\n<div class=\"wp-block-uagb-icon-list-child uagb-block-5cf97acb\"><span class=\"uagb-icon-list__source-wrap\"><svg xmlns=\"https:\/\/www.w3.org\/2000\/svg\" viewBox=\"0 0 512 512\"><path d=\"M256 512C114.6 512 0 397.4 0 256C0 114.6 114.6 0 256 0C397.4 0 512 114.6 512 256C512 397.4 397.4 512 256 512zM232 256C232 264 236 271.5 242.7 275.1L338.7 339.1C349.7 347.3 364.6 344.3 371.1 333.3C379.3 322.3 376.3 307.4 365.3 300L280 243.2V120C280 106.7 269.3 96 255.1 96C242.7 96 231.1 106.7 231.1 120L232 256z\"><\/path><\/svg><\/span><span class=\"uagb-icon-list__label\">\u00c7al\u0131\u015fma Saatleri<br><strong>9:00 \u2013 18:00 (PAZAR KAPALI)<\/strong><\/span><\/div>\n\n\n\n<div class=\"wp-block-uagb-icon-list-child uagb-block-654ffcb6\"><span class=\"uagb-icon-list__source-wrap\"><svg xmlns=\"https:\/\/www.w3.org\/2000\/svg\" viewBox=\"0 0 512 512\"><path d=\"M18.92 351.2l108.5-46.52c12.78-5.531 27.77-1.801 36.45 8.98l44.09 53.82c69.25-34 125.5-90.31 159.5-159.5l-53.81-44.04c-10.75-8.781-14.41-23.69-8.974-36.47l46.51-108.5c6.094-13.91 21.1-21.52 35.79-18.11l100.8 23.25c14.25 3.25 24.22 15.8 24.22 30.46c0 252.3-205.2 457.5-457.5 457.5c-14.67 0-27.18-9.968-30.45-24.22l-23.25-100.8C-2.571 372.4 5.018 357.2 18.92 351.2z\"><\/path><\/svg><\/span><span class=\"uagb-icon-list__label\"><strong>(312) 229 00 29<\/strong><\/span><\/div>\n\n\n\n<div class=\"wp-block-uagb-icon-list-child uagb-block-549e7a6c\"><span class=\"uagb-icon-list__source-wrap\"><svg xmlns=\"https:\/\/www.w3.org\/2000\/svg\" viewBox=\"0 0 512 512\"><path d=\"M352 256C352 278.2 350.8 299.6 348.7 320H163.3C161.2 299.6 159.1 278.2 159.1 256C159.1 233.8 161.2 212.4 163.3 192H348.7C350.8 212.4 352 233.8 352 256zM503.9 192C509.2 212.5 512 233.9 512 256C512 278.1 509.2 299.5 503.9 320H380.8C382.9 299.4 384 277.1 384 256C384 234 382.9 212.6 380.8 192H503.9zM493.4 160H376.7C366.7 96.14 346.9 42.62 321.4 8.442C399.8 29.09 463.4 85.94 493.4 160zM344.3 160H167.7C173.8 123.6 183.2 91.38 194.7 65.35C205.2 41.74 216.9 24.61 228.2 13.81C239.4 3.178 248.7 0 256 0C263.3 0 272.6 3.178 283.8 13.81C295.1 24.61 306.8 41.74 317.3 65.35C328.8 91.38 338.2 123.6 344.3 160H344.3zM18.61 160C48.59 85.94 112.2 29.09 190.6 8.442C165.1 42.62 145.3 96.14 135.3 160H18.61zM131.2 192C129.1 212.6 127.1 234 127.1 256C127.1 277.1 129.1 299.4 131.2 320H8.065C2.8 299.5 0 278.1 0 256C0 233.9 2.8 212.5 8.065 192H131.2zM194.7 446.6C183.2 420.6 173.8 388.4 167.7 352H344.3C338.2 388.4 328.8 420.6 317.3 446.6C306.8 470.3 295.1 487.4 283.8 498.2C272.6 508.8 263.3 512 255.1 512C248.7 512 239.4 508.8 228.2 498.2C216.9 487.4 205.2 470.3 194.7 446.6H194.7zM190.6 503.6C112.2 482.9 48.59 426.1 18.61 352H135.3C145.3 415.9 165.1 469.4 190.6 503.6V503.6zM321.4 503.6C346.9 469.4 366.7 415.9 376.7 352H493.4C463.4 426.1 399.8 482.9 321.4 503.6V503.6z\"><\/path><\/svg><\/span><span class=\"uagb-icon-list__label\"><strong>www.albmuhendislik.com<\/strong><\/span><\/div>\n\n\n\n<div class=\"wp-block-uagb-icon-list-child uagb-block-29f5ec47\"><span class=\"uagb-icon-list__source-wrap\"><svg xmlns=\"https:\/\/www.w3.org\/2000\/svg\" viewBox=\"0 0 512 512\"><path d=\"M464 64C490.5 64 512 85.49 512 112C512 127.1 504.9 141.3 492.8 150.4L275.2 313.6C263.8 322.1 248.2 322.1 236.8 313.6L19.2 150.4C7.113 141.3 0 127.1 0 112C0 85.49 21.49 64 48 64H464zM217.6 339.2C240.4 356.3 271.6 356.3 294.4 339.2L512 176V384C512 419.3 483.3 448 448 448H64C28.65 448 0 419.3 0 384V176L217.6 339.2z\"><\/path><\/svg><\/span><span class=\"uagb-icon-list__label\"><strong>info@brkproje.com<\/strong><\/span><\/div>\n\n\n\n<div class=\"wp-block-uagb-icon-list-child uagb-block-eaa22edc\"><span class=\"uagb-icon-list__source-wrap\"><svg xmlns=\"https:\/\/www.w3.org\/2000\/svg\" viewBox=\"0 0 384 512\"><path d=\"M168.3 499.2C116.1 435 0 279.4 0 192C0 85.96 85.96 0 192 0C298 0 384 85.96 384 192C384 279.4 267 435 215.7 499.2C203.4 514.5 180.6 514.5 168.3 499.2H168.3zM192 256C227.3 256 256 227.3 256 192C256 156.7 227.3 128 192 128C156.7 128 128 156.7 128 192C128 227.3 156.7 256 192 256z\"><\/path><\/svg><\/span><span class=\"uagb-icon-list__label\"><strong>Beytepe mah. 1799. Sok. No:50<br><strong>\u00c7ankaya\/ANKARA<\/strong><\/strong><\/span><\/div>\n<\/div><\/div>\n\n\n\n<p><\/p>\n","protected":false},"excerpt":{"rendered":"<p>Yenilik\u00e7i ve s\u00fcrd\u00fcr\u00fclebilir tasar\u0131mlar\u0131m\u0131zla yapt\u0131\u011f\u0131m\u0131z projelerde mimari esteti\u011fin ve i\u015flevselli\u011fin bir arada kullan\u0131lmas\u0131n\u0131 sa\u011fl\u0131yoruz.&nbsp; \ud83e\udded Yol Tarifi Al ANKARA OF\u0130S<\/p>\n","protected":false},"author":2,"featured_media":0,"parent":0,"menu_order":0,"comment_status":"closed","ping_status":"closed","template":"","meta":{"_uag_custom_page_level_css":"","site-sidebar-layout":"default","site-content-layout":"","ast-site-content-layout":"normal-width-container","site-content-style":"default","site-sidebar-style":"default","ast-global-header-display":"","ast-banner-title-visibility":"","ast-main-header-display":"","ast-hfb-above-header-display":"","ast-hfb-below-header-display":"","ast-hfb-mobile-header-display":"","site-post-title":"disabled","ast-breadcrumbs-content":"","ast-featured-img":"","footer-sml-layout":"","ast-disable-related-posts":"","theme-transparent-header-meta":"","adv-header-id-meta":"","stick-header-meta":"","header-above-stick-meta":"","header-main-stick-meta":"","header-below-stick-meta":"","astra-migrate-meta-layouts":"default","ast-page-background-enabled":"default","ast-page-background-meta":{"desktop":{"background-color":"var(--ast-global-color-5)","background-image":"","background-repeat":"repeat","background-position":"center center","background-size":"auto","background-attachment":"scroll","background-type":"","background-media":"","overlay-type":"","overlay-color":"","overlay-opacity":"","overlay-gradient":""},"tablet":{"background-color":"","background-image":"","background-repeat":"repeat","background-position":"center center","background-size":"auto","background-attachment":"scroll","background-type":"","background-media":"","overlay-type":"","overlay-color":"","overlay-opacity":"","overlay-gradient":""},"mobile":{"background-color":"","background-image":"","background-repeat":"repeat","background-position":"center center","background-size":"auto","background-attachment":"scroll","background-type":"","background-media":"","overlay-type":"","overlay-color":"","overlay-opacity":"","overlay-gradient":""}},"ast-content-background-meta":{"desktop":{"background-color":"var(--ast-global-color-4)","background-image":"","background-repeat":"repeat","background-position":"center center","background-size":"auto","background-attachment":"scroll","background-type":"","background-media":"","overlay-type":"","overlay-color":"","overlay-opacity":"","overlay-gradient":""},"tablet":{"background-color":"var(--ast-global-color-4)","background-image":"","background-repeat":"repeat","background-position":"center center","background-size":"auto","background-attachment":"scroll","background-type":"","background-media":"","overlay-type":"","overlay-color":"","overlay-opacity":"","overlay-gradient":""},"mobile":{"background-color":"var(--ast-global-color-4)","background-image":"","background-repeat":"repeat","background-position":"center center","background-size":"auto","background-attachment":"scroll","background-type":"","background-media":"","overlay-type":"","overlay-color":"","overlay-opacity":"","overlay-gradient":""}},"footnotes":""},"class_list":["post-57","page","type-page","status-publish","hentry"],"uagb_featured_image_src":{"full":false,"thumbnail":false,"medium":false,"medium_large":false,"large":false,"1536x1536":false,"2048x2048":false},"uagb_author_info":{"display_name":"ALB Admin","author_link":"https:\/\/albmuhendislik.com\/index.php\/author\/albadmin\/"},"uagb_comment_info":0,"uagb_excerpt":"Yenilik\u00e7i ve s\u00fcrd\u00fcr\u00fclebilir tasar\u0131mlar\u0131m\u0131zla yapt\u0131\u011f\u0131m\u0131z projelerde mimari esteti\u011fin ve i\u015flevselli\u011fin bir arada kullan\u0131lmas\u0131n\u0131 sa\u011fl\u0131yoruz.&nbsp; \ud83e\udded Yol Tarifi Al ANKARA OF\u0130S","_links":{"self":[{"href":"https:\/\/albmuhendislik.com\/index.php\/wp-json\/wp\/v2\/pages\/57","targetHints":{"allow":["GET"]}}],"collection":[{"href":"https:\/\/albmuhendislik.com\/index.php\/wp-json\/wp\/v2\/pages"}],"about":[{"href":"https:\/\/albmuhendislik.com\/index.php\/wp-json\/wp\/v2\/types\/page"}],"author":[{"embeddable":true,"href":"https:\/\/albmuhendislik.com\/index.php\/wp-json\/wp\/v2\/users\/2"}],"replies":[{"embeddable":true,"href":"https:\/\/albmuhendislik.com\/index.php\/wp-json\/wp\/v2\/comments?post=57"}],"version-history":[{"count":17,"href":"https:\/\/albmuhendislik.com\/index.php\/wp-json\/wp\/v2\/pages\/57\/revisions"}],"predecessor-version":[{"id":220,"href":"https:\/\/albmuhendislik.com\/index.php\/wp-json\/wp\/v2\/pages\/57\/revisions\/220"}],"wp:attachment":[{"href":"https:\/\/albmuhendislik.com\/index.php\/wp-json\/wp\/v2\/media?parent=57"}],"curies":[{"name":"wp","href":"https:\/\/api.w.org\/{rel}","templated":true}]}}