{"id":81,"date":"2026-01-29T13:41:13","date_gmt":"2026-01-29T13:41:13","guid":{"rendered":"https:\/\/albmuhendislik.com\/?page_id=81"},"modified":"2026-01-31T11:22:08","modified_gmt":"2026-01-31T11:22:08","slug":"hakkimizda","status":"publish","type":"page","link":"https:\/\/albmuhendislik.com\/index.php\/hakkimizda\/","title":{"rendered":"Hakk\u0131m\u0131zda"},"content":{"rendered":"\n<p><br><br><\/p>\n\n\n\n<div class=\"wp-block-columns is-layout-flex wp-container-core-columns-is-layout-28f84493 wp-block-columns-is-layout-flex\" style=\"border-style:none;border-width:0px\">\n<div class=\"wp-block-column is-layout-flow wp-block-column-is-layout-flow\" style=\"flex-basis:100%\">\n<p class=\"animated fadeInDown delay-100ms slower has-ast-global-color-6-color has-text-color has-link-color wp-elements-3cbab26b97e750e0002f7db0c0160da5\"><strong>Kuruldu\u011fumuz g\u00fcnden bu yana, bilgi birikimimiz ve tecr\u00fcbemizle g\u00fcvenli, kaliteli ve s\u00fcrd\u00fcr\u00fclebilir yap\u0131lar \u00fcretmeyi ilke edindik. Proje geli\u015ftirme, m\u00fchendislik ve uygulama s\u00fcre\u00e7lerinde \u00e7a\u011fda\u015f yakla\u015f\u0131mlar\u0131 benimseyerek, her a\u015famada y\u00fcksek kalite standartlar\u0131yla hizmet sunuyoruz.<\/strong><\/p>\n\n\n\n<p class=\"animated fadeInLeft delay-200ms slower has-ast-global-color-6-color has-text-color has-link-color wp-elements-7721d23ce63f2d8313428ccf0e7c66ca\"><strong>Alan\u0131nda uzman kadromuzla; estetik, fonksiyonellik ve teknik do\u011frulu\u011fu bir arada de\u011ferlendiriyor, projelerimizi mevzuata uygun, ekonomik ve uzun \u00f6m\u00fcrl\u00fc \u00e7\u00f6z\u00fcmlerle hayata ge\u00e7iriyoruz. Her projeyi, sadece bir yap\u0131 de\u011fil; de\u011fer katan bir ya\u015fam alan\u0131 olarak ele al\u0131yoruz.<\/strong><\/p>\n\n\n\n<p class=\"animated fadeInLeft delay-200ms slower has-ast-global-color-6-color has-text-color has-link-color wp-elements-083da53ea64a85c84497e9ef7f3f7ce4\"><strong>M\u00fc\u015fteri memnuniyetini temel alan \u00e7al\u0131\u015fma anlay\u0131\u015f\u0131m\u0131z do\u011frultusunda, \u015feffaf ileti\u015fim, zaman\u0131nda teslim ve profesyonel uygulama prensipleriyle hareket ediyoruz. Geli\u015fen teknolojiyi yak\u0131ndan takip ederek, sekt\u00f6rdeki yenilikleri projelerimize entegre ediyoruz.<\/strong><\/p>\n\n\n\n<p class=\"animated fadeInLeft delay-200ms slower has-ast-global-color-6-color has-text-color has-link-color wp-elements-00024c1ff44fbedf28fc484a58203eb0\"><strong>Bug\u00fcn oldu\u011fu gibi gelecekte de, g\u00fcvenilir i\u015f ortakl\u0131klar\u0131 kurarak, sa\u011flam temeller \u00fczerine in\u015fa edilmi\u015f projelere imza atmaya devam etmeyi hedefliyoruz.<\/strong><\/p>\n<\/div>\n<\/div>\n\n\n\n<p><\/p>\n","protected":false},"excerpt":{"rendered":"<p>Kuruldu\u011fumuz g\u00fcnden bu yana, bilgi birikimimiz ve tecr\u00fcbemizle g\u00fcvenli, kaliteli ve s\u00fcrd\u00fcr\u00fclebilir yap\u0131lar \u00fcretmeyi ilke edindik. Proje geli\u015ftirme, m\u00fchendislik ve [&hellip;]<\/p>\n","protected":false},"author":2,"featured_media":0,"parent":0,"menu_order":0,"comment_status":"closed","ping_status":"closed","template":"","meta":{"_uag_custom_page_level_css":"","site-sidebar-layout":"default","site-content-layout":"","ast-site-content-layout":"default","site-content-style":"default","site-sidebar-style":"default","ast-global-header-display":"","ast-banner-title-visibility":"","ast-main-header-display":"","ast-hfb-above-header-display":"","ast-hfb-below-header-display":"","ast-hfb-mobile-header-display":"","site-post-title":"disabled","ast-breadcrumbs-content":"","ast-featured-img":"","footer-sml-layout":"","ast-disable-related-posts":"","theme-transparent-header-meta":"","adv-header-id-meta":"","stick-header-meta":"","header-above-stick-meta":"","header-main-stick-meta":"","header-below-stick-meta":"","astra-migrate-meta-layouts":"default","ast-page-background-enabled":"default","ast-page-background-meta":{"desktop":{"background-color":"var(--ast-global-color-5)","background-image":"","background-repeat":"repeat","background-position":"center center","background-size":"auto","background-attachment":"scroll","background-type":"","background-media":"","overlay-type":"","overlay-color":"","overlay-opacity":"","overlay-gradient":""},"tablet":{"background-color":"","background-image":"","background-repeat":"repeat","background-position":"center center","background-size":"auto","background-attachment":"scroll","background-type":"","background-media":"","overlay-type":"","overlay-color":"","overlay-opacity":"","overlay-gradient":""},"mobile":{"background-color":"","background-image":"","background-repeat":"repeat","background-position":"center center","background-size":"auto","background-attachment":"scroll","background-type":"","background-media":"","overlay-type":"","overlay-color":"","overlay-opacity":"","overlay-gradient":""}},"ast-content-background-meta":{"desktop":{"background-color":"var(--ast-global-color-4)","background-image":"","background-repeat":"repeat","background-position":"center center","background-size":"auto","background-attachment":"scroll","background-type":"","background-media":"","overlay-type":"","overlay-color":"","overlay-opacity":"","overlay-gradient":""},"tablet":{"background-color":"var(--ast-global-color-4)","background-image":"","background-repeat":"repeat","background-position":"center center","background-size":"auto","background-attachment":"scroll","background-type":"","background-media":"","overlay-type":"","overlay-color":"","overlay-opacity":"","overlay-gradient":""},"mobile":{"background-color":"var(--ast-global-color-4)","background-image":"","background-repeat":"repeat","background-position":"center center","background-size":"auto","background-attachment":"scroll","background-type":"","background-media":"","overlay-type":"","overlay-color":"","overlay-opacity":"","overlay-gradient":""}},"footnotes":""},"class_list":["post-81","page","type-page","status-publish","hentry"],"uagb_featured_image_src":{"full":false,"thumbnail":false,"medium":false,"medium_large":false,"large":false,"1536x1536":false,"2048x2048":false},"uagb_author_info":{"display_name":"ALB Admin","author_link":"https:\/\/albmuhendislik.com\/index.php\/author\/albadmin\/"},"uagb_comment_info":0,"uagb_excerpt":"Kuruldu\u011fumuz g\u00fcnden bu yana, bilgi birikimimiz ve tecr\u00fcbemizle g\u00fcvenli, kaliteli ve s\u00fcrd\u00fcr\u00fclebilir yap\u0131lar \u00fcretmeyi ilke edindik. Proje geli\u015ftirme, m\u00fchendislik ve [&hellip;]","_links":{"self":[{"href":"https:\/\/albmuhendislik.com\/index.php\/wp-json\/wp\/v2\/pages\/81","targetHints":{"allow":["GET"]}}],"collection":[{"href":"https:\/\/albmuhendislik.com\/index.php\/wp-json\/wp\/v2\/pages"}],"about":[{"href":"https:\/\/albmuhendislik.com\/index.php\/wp-json\/wp\/v2\/types\/page"}],"author":[{"embeddable":true,"href":"https:\/\/albmuhendislik.com\/index.php\/wp-json\/wp\/v2\/users\/2"}],"replies":[{"embeddable":true,"href":"https:\/\/albmuhendislik.com\/index.php\/wp-json\/wp\/v2\/comments?post=81"}],"version-history":[{"count":12,"href":"https:\/\/albmuhendislik.com\/index.php\/wp-json\/wp\/v2\/pages\/81\/revisions"}],"predecessor-version":[{"id":173,"href":"https:\/\/albmuhendislik.com\/index.php\/wp-json\/wp\/v2\/pages\/81\/revisions\/173"}],"wp:attachment":[{"href":"https:\/\/albmuhendislik.com\/index.php\/wp-json\/wp\/v2\/media?parent=81"}],"curies":[{"name":"wp","href":"https:\/\/api.w.org\/{rel}","templated":true}]}}